{"id":840,"date":"2006-03-26T17:45:36","date_gmt":"2006-03-26T15:45:36","guid":{"rendered":"http:\/\/www.bernhardsson.com\/scotland\/?page_id=4"},"modified":"2006-03-26T17:45:36","modified_gmt":"2006-03-26T15:45:36","slug":"karta","status":"publish","type":"page","link":"http:\/\/www.bernhardsson.com\/patrik\/journal\/karta\/","title":{"rendered":"Karta"},"content":{"rendered":"<p><a onclick=\"javascript:pageTracker._trackPageview('\/downloads\/scotland\/bilder\/scotland_large_map.jpg');\" title=\"St\u00f6rre karta\" target=\"_blank\"  href=\"http:\/\/www.bernhardsson.com\/scotland\/bilder\/scotland_large_map.jpg\"><img decoding=\"async\" border=\"0\" alt=\"Karta \u00f6ver skottlands provinser, klicka f\u00f6r st\u00f6rre bild\" title=\"Karta \u00f6ver skottlands provinser, klicka f\u00f6r st\u00f6rre bild\" src=\"http:\/\/www.bernhardsson.com\/scotland\/bilder\/scotland-map.gif\" \/><\/a><\/p>\n","protected":false},"excerpt":{"rendered":"","protected":false},"author":2,"featured_media":0,"parent":0,"menu_order":0,"comment_status":"open","ping_status":"open","template":"","meta":{"footnotes":""},"_links":{"self":[{"href":"http:\/\/www.bernhardsson.com\/patrik\/journal\/wp-json\/wp\/v2\/pages\/840"}],"collection":[{"href":"http:\/\/www.bernhardsson.com\/patrik\/journal\/wp-json\/wp\/v2\/pages"}],"about":[{"href":"http:\/\/www.bernhardsson.com\/patrik\/journal\/wp-json\/wp\/v2\/types\/page"}],"author":[{"embeddable":true,"href":"http:\/\/www.bernhardsson.com\/patrik\/journal\/wp-json\/wp\/v2\/users\/2"}],"replies":[{"embeddable":true,"href":"http:\/\/www.bernhardsson.com\/patrik\/journal\/wp-json\/wp\/v2\/comments?post=840"}],"version-history":[{"count":0,"href":"http:\/\/www.bernhardsson.com\/patrik\/journal\/wp-json\/wp\/v2\/pages\/840\/revisions"}],"wp:attachment":[{"href":"http:\/\/www.bernhardsson.com\/patrik\/journal\/wp-json\/wp\/v2\/media?parent=840"}],"curies":[{"name":"wp","href":"https:\/\/api.w.org\/{rel}","templated":true}]}}